{"id":12810,"date":"2017-11-11T23:18:19","date_gmt":"2017-11-11T22:18:19","guid":{"rendered":"https:\/\/biombobags.com\/about\/"},"modified":"2018-12-14T11:28:00","modified_gmt":"2018-12-14T10:28:00","slug":"nosotros","status":"publish","type":"page","link":"https:\/\/biombobags.com\/es\/nosotros\/","title":{"rendered":"Nosotros"},"content":{"rendered":"<div class=\"fusion-fullwidth fullwidth-box fusion-builder-row-1 nonhundred-percent-fullwidth non-hundred-percent-height-scrolling\" style=\"background-color: #ffffff;background-position: center center;background-repeat: no-repeat;padding-top:0px;padding-right:0px;padding-bottom:0px;padding-left:0px;margin-bottom: 0px;margin-top: 0px;border-width: 0px 0px 0px 0px;border-color:#eae9e9;border-style:solid;\" ><div class=\"fusion-builder-row fusion-row\"><div class=\"fusion-layout-column fusion_builder_column fusion-builder-column-0 fusion_builder_column_3_5 3_5 fusion-three-fifth fusion-column-first\" style=\"width:58.4%; margin-right: 4%;margin-top:0px;margin-bottom:0px;\"><div class=\"fusion-column-wrapper fusion-flex-column-wrapper-legacy\" style=\"background-position:left top;background-repeat:no-repeat;-webkit-background-size:cover;-moz-background-size:cover;-o-background-size:cover;background-size:cover;padding: 0px 0px 0px 0px;\"><div class=\"fusion-text fusion-text-1\"><p>La marca Biombo Bags nace en el a\u00f1o 2012 con la idea de crear bolsos funcionales de una <strong>est\u00e9tica elegante y sofisticada<\/strong>, a trav\u00e9s de la direcci\u00f3n creativa de su dise\u00f1adora Pilar Blas. No ser\u00e1 hasta el 2017,\u00a0 cuando Biombo Bags se convierte en una realidad, con el lanzamiento de su primera colecci\u00f3n.<\/p>\n<p>Inicialmente se forma en dise\u00f1o de moda por la escuela IDEP Barcelona y tras varios a\u00f1os trabajando como dise\u00f1adora de prendas para firmas tan importantes como Lidia Delgado, K.E, Jes\u00fas del Pozo, Victorio y Lucchino o Mango decide especializarse en complementos en UAL (University Arts of London) para finalmente poder lanzar su primera colecci\u00f3n.<\/p>\n<p>Pilar Blas es la parte sensible y creativa que hay detr\u00e1s de Biombo Bags. <strong>Apasionada por la moda, el arte y la arquitectura<\/strong>. Pilar imprime en sus patrones el car\u00e1cter de estas diferentes disciplinas, para conseguir una personalidad propia que definen su marca y la diferencian con facilidad. Tambi\u00e9n han sido estas pasiones las que le han llevado a pasar largas temporadas en Nueva York, Londres o Toronto y visitar ciudades como Tokyo y Par\u00eds en las que que han sido su fuente de inspiraci\u00f3n.<\/p>\n<p>Biombo Bags nace para satisfacer a una mujer amante del <strong>lujo<\/strong>, de un <strong>dise\u00f1o exclusivo y de elegancia sutil<\/strong>, creando afinidad con el glamour y la comodidad mediante bolsos perfectos para cualquier evento.<\/p>\n<p>Un Biombo Bags combina perfectamente con un l<strong>ook informal o uno sofisticado<\/strong> porque la mujer que elige la marca sabe elegir su outfit ideal para cada momento. Tiene esa personalidad fresca, fuerte y urbana sobresale por su armon\u00eda, frescura y elegancia. Biombo bags har\u00e1 que ella sea la protagonista porque ella entiende la belleza, el arte y la moda.<\/p>\n<p>El proceso de creaci\u00f3n de Biombo Bags es <strong>manual y totalmente producido en Barcelona<\/strong> por peque\u00f1os talleres de artesanos con muchos a\u00f1os de experiencia. Ellos se convierten en c\u00f3mplices de la realizaci\u00f3n de cada modelo. Ellos son las manos, los ojos y viven el proceso de la marca con pieles de alta calidad, muchas de ellas con curtidos vegetales, tintes ecol\u00f3gicos con lo que aportan acabados meticulosos cuya belleza aumenta con el tiempo.<\/p>\n<\/div><div class=\"fusion-clearfix\"><\/div><\/div><\/div><div class=\"fusion-layout-column fusion_builder_column fusion-builder-column-1 fusion_builder_column_2_5 2_5 fusion-two-fifth fusion-column-last\" style=\"width:37.6%;margin-top:0px;margin-bottom:0px;\"><div class=\"fusion-column-wrapper fusion-flex-column-wrapper-legacy\" style=\"background-position:left top;background-repeat:no-repeat;-webkit-background-size:cover;-moz-background-size:cover;-o-background-size:cover;background-size:cover;padding: 0px 0px 0px 0px;\"><div class=\"fusion-slider-sc fusion-flexslider-loading flexslider flexslider-hover-type-none\" data-slideshow_autoplay=\"1\" data-slideshow_smooth_height=\"0\" data-slideshow_speed=\"7000\" style=\"max-width:100%;height:100%;\"><ul class=\"slides\"><li class=\"image\"><span class=\"fusion-image-hover-element hover-type-none\"><img decoding=\"async\" src=\"https:\/\/biombobags.com\/wp-content\/uploads\/2018\/11\/Biombo-Bags-Pilar-de-pie-media.jpg\" width=\"427\" height=\"666\" class=\"wp-image-13374\" srcset=\"https:\/\/biombobags.com\/wp-content\/uploads\/2018\/11\/Biombo-Bags-Pilar-de-pie-media-200x312.jpg 200w, https:\/\/biombobags.com\/wp-content\/uploads\/2018\/11\/Biombo-Bags-Pilar-de-pie-media-400x624.jpg 400w, https:\/\/biombobags.com\/wp-content\/uploads\/2018\/11\/Biombo-Bags-Pilar-de-pie-media.jpg 427w\" sizes=\"(max-width: 800px) 100vw, 427px\" \/><\/span><\/li><li class=\"image\"><span class=\"fusion-image-hover-element hover-type-none\"><img decoding=\"async\" src=\"https:\/\/biombobags.com\/wp-content\/uploads\/2018\/02\/about-pilar.jpg\" width=\"1000\" height=\"1503\" class=\"wp-image-13621\" srcset=\"https:\/\/biombobags.com\/wp-content\/uploads\/2018\/02\/about-pilar-200x300.jpg 200w, https:\/\/biombobags.com\/wp-content\/uploads\/2018\/02\/about-pilar.jpg 1000w\" sizes=\"(max-width: 800px) 100vw, 1000px\" \/><\/span><\/li><\/ul><\/div><div class=\"fusion-clearfix\"><\/div><\/div><\/div><\/div><\/div>\n","protected":false},"excerpt":{"rendered":"","protected":false},"author":3,"featured_media":0,"parent":0,"menu_order":0,"comment_status":"closed","ping_status":"closed","template":"","meta":{"footnotes":""},"class_list":["post-12810","page","type-page","status-publish","hentry"],"_links":{"self":[{"href":"https:\/\/biombobags.com\/es\/wp-json\/wp\/v2\/pages\/12810","targetHints":{"allow":["GET"]}}],"collection":[{"href":"https:\/\/biombobags.com\/es\/wp-json\/wp\/v2\/pages"}],"about":[{"href":"https:\/\/biombobags.com\/es\/wp-json\/wp\/v2\/types\/page"}],"author":[{"embeddable":true,"href":"https:\/\/biombobags.com\/es\/wp-json\/wp\/v2\/users\/3"}],"replies":[{"embeddable":true,"href":"https:\/\/biombobags.com\/es\/wp-json\/wp\/v2\/comments?post=12810"}],"version-history":[{"count":0,"href":"https:\/\/biombobags.com\/es\/wp-json\/wp\/v2\/pages\/12810\/revisions"}],"wp:attachment":[{"href":"https:\/\/biombobags.com\/es\/wp-json\/wp\/v2\/media?parent=12810"}],"curies":[{"name":"wp","href":"https:\/\/api.w.org\/{rel}","templated":true}]}}