{"id":12820,"date":"2013-06-06T11:22:54","date_gmt":"2013-06-06T09:22:54","guid":{"rendered":"https:\/\/biombobags.com\/delivery-returns\/"},"modified":"2018-12-14T11:18:34","modified_gmt":"2018-12-14T10:18:34","slug":"entregas-devoluciones","status":"publish","type":"page","link":"https:\/\/biombobags.com\/es\/entregas-devoluciones\/","title":{"rendered":"Entregas &#038; Devoluciones"},"content":{"rendered":"<div class=\"fusion-fullwidth fullwidth-box fusion-builder-row-1 nonhundred-percent-fullwidth non-hundred-percent-height-scrolling\" style=\"background-color: #ffffff;background-position: center center;background-repeat: no-repeat;padding-top:0px;padding-right:0px;padding-bottom:0px;padding-left:0px;margin-bottom: 0px;margin-top: 0px;border-width: 0px 0px 0px 0px;border-color:#eae9e9;border-style:solid;\" ><div class=\"fusion-builder-row fusion-row\"><div class=\"fusion-layout-column fusion_builder_column fusion-builder-column-0 fusion_builder_column_1_1 1_1 fusion-one-full fusion-column-first fusion-column-last\" style=\"margin-top:0px;margin-bottom:0px;\"><div class=\"fusion-column-wrapper fusion-flex-column-wrapper-legacy\" style=\"background-position:left top;background-repeat:no-repeat;-webkit-background-size:cover;-moz-background-size:cover;-o-background-size:cover;background-size:cover;padding: 0px 0px 0px 0px;\"><div class=\"fusion-text fusion-text-1\"><h1 style=\"text-align: center;\">ENTREGAS Y DEVOLUCIONES<\/h1>\n<p style=\"text-align: center;\"><strong><big>Pol\u00edtica de devoluci\u00f3n de bienes o servicios adquiridos a trav\u00e9s de la tienda online www.biombobags.com<\/big><\/strong><\/p>\n<p style=\"text-align: center;\"><strong>ENVIOS<\/strong><br \/>\nCuando realice su pedido podr\u00e1 verificar los costos de env\u00edo<br \/>\nantes de hacer su pedido. Los costos var\u00edan dependiendo de la direcci\u00f3n de entrega<br \/>\ny en el tama\u00f1o y peso del paquete. Sin embargo, en la mayor\u00eda de los casos, los paquetes<br \/>\npesan menos de un par de kilogramos.<\/p>\n<p style=\"text-align: center;\"><strong>Vea a continuaci\u00f3n nuestros costos de env\u00edo:<\/strong><\/p>\n<p style=\"text-align: center;\">&#8211; Espa\u00f1a, Portugal y Andorra: ( Gratis )<br \/>\n&#8211; Islas Baleares: 7,99 \u20ac<br \/>\n&#8211; Islas Canarias, Ceuta y Melilla: 17,99 \u20ac<br \/>\n&#8211; U.K. y Europa: 20 \u20ac<br \/>\n&#8211; Estados Unidos: 50 \u20ac<br \/>\n&#8211; Jap\u00f3n: 60 \u20ac<br \/>\n&#8211; China: 60 \u20ac<\/p>\n<p style=\"text-align: center;\"><em>Para consultas sobre cualquier otro destino, <a href=\"https:\/\/biombobags.com\/es\/contacto\/\"><strong>cont\u00e1ctenos<\/strong><\/a>.<\/em><\/p>\n<p style=\"text-align: center;\"><strong>Biombo Bags<\/strong> entregar\u00e1 el producto en <strong>perfectas condiciones<\/strong> y en la direcci\u00f3n indicada por el Usuario. Con el objetivo de optimizar el proceso de entrega, la direcci\u00f3n proporcionada por el Usuario debe ser una direcci\u00f3n donde la entrega se pueda realizar durante el horario de trabajo habitual.<\/p>\n<p style=\"text-align: center;\">Nuestro objetivo es despachar todas las \u00f3rdenes nacionales dentro de 2-4 d\u00edas h\u00e1biles,<br \/>\n<strong>Biombo Bags<\/strong> no es responsable de los retrasos causados por el despacho de aduana.<\/p>\n<p style=\"text-align: center;\">Los impuestos y aranceles locales a la llegada ser\u00e1n responsabilidad del cliente.<\/p>\n<h3 style=\"text-align: center;\">TIEMPOS DE ENTREGA ESTIMADOS:<\/h3>\n<p style=\"text-align: center;\"><strong>ESPA\u00d1A:<\/strong> 2-4 d\u00edas laborables.<br \/>\n<strong>RESTO DE EUROPA:<\/strong> 5-7 d\u00edas laborables.<br \/>\n<strong>INTERNACIONAL:<\/strong> 10-12 d\u00edas laborables.<\/p>\n<ol>\n<li>Una vez recibida la compra efectuada en <a href=\"http:\/\/www.biombobags.com\">biombobags.com<\/a> Si el art\u00edculo que compraste est\u00e1 defectuoso, no funciona correctamente \u00f3 si crees que no corresponde a la descripci\u00f3n, , cont\u00e1ctanos dentro de los siete d\u00edas h\u00e1biles desde la recepci\u00f3n del producto al correo <a href=\"mailto:contact@biombobags.com-\">contact@biombobags.com<\/a><\/li>\n<li>Para ser posible una devoluci\u00f3n, <strong>tu art\u00edculo debe estar sin usar m\u00e1s all\u00e1 de la habitual apertura del producto y en las mismas condiciones<\/strong> que estaba cuando lo recibiste, con sus etiquetas originales y en su embalaje original. Adem\u00e1s de adjuntar la factura o una copia de la misma y una fotograf\u00eda, explic\u00e1ndonos el motivo de la devoluci\u00f3n. Nos pondremos a estudiar t\u00fa problema lo antes posible.Despu\u00e9s de eso env\u00eda el art\u00edculo a:<strong> Biombo Bags, Calle Arag\u00f3n 290. Principal, 08009 Barcelona.<\/strong><\/li>\n<li><strong>Ten en cuenta<\/strong> que hasta que recibamos el art\u00edculo en nuestro almac\u00e9n este est\u00e1 bajo tu responsabilidad. Te recomendamos que nos env\u00edes el art\u00edculo por mensajero \u00f3 correo certificado y que conserves el comprobante de env\u00edo. Te recordamos que si decides devolvernos los art\u00edculos <strong>a portes debidos no aceptaremos el paquete<\/strong>. El riesgo de los productos (p\u00e9rdida, da\u00f1o, robo) se transferir\u00e1 al Usuario en el momento en que el producto se haya puesto a disposici\u00f3n del Usuario de conformidad con las presentes Condiciones de venta.<\/li>\n<li>Una vez que recibamos la mercanc\u00eda, y comprobemos que cumple con nuestras condiciones de venta anteriormente indicadas te comunicaremos lo antes posible si te lo podemos sustituir \u00f3 hacer una devoluci\u00f3n del importe, Si se aplic\u00f3 un descuento en el momento de la compra, s\u00f3lo se reembolsar\u00e1 el importe real pagado.<\/li>\n<li>Biombo bags se reserva el derecho de aceptar o no un reembolso.<\/li>\n<\/ol>\n<p style=\"text-align: center;\"><strong><em><big>Si tiene alguna pregunta, puede contactarnos en<br \/>\n<a href=\"mailto:contact@biombobags.com\">contact@biombobags.com<\/a> antes de realizar cualquier compra.<\/big><\/em><\/strong><\/p>\n<\/div><div class=\"fusion-clearfix\"><\/div><\/div><\/div><\/div><\/div>\n","protected":false},"excerpt":{"rendered":"","protected":false},"author":3,"featured_media":0,"parent":0,"menu_order":0,"comment_status":"open","ping_status":"open","template":"","meta":{"footnotes":""},"class_list":["post-12820","page","type-page","status-publish","hentry"],"_links":{"self":[{"href":"https:\/\/biombobags.com\/es\/wp-json\/wp\/v2\/pages\/12820","targetHints":{"allow":["GET"]}}],"collection":[{"href":"https:\/\/biombobags.com\/es\/wp-json\/wp\/v2\/pages"}],"about":[{"href":"https:\/\/biombobags.com\/es\/wp-json\/wp\/v2\/types\/page"}],"author":[{"embeddable":true,"href":"https:\/\/biombobags.com\/es\/wp-json\/wp\/v2\/users\/3"}],"replies":[{"embeddable":true,"href":"https:\/\/biombobags.com\/es\/wp-json\/wp\/v2\/comments?post=12820"}],"version-history":[{"count":0,"href":"https:\/\/biombobags.com\/es\/wp-json\/wp\/v2\/pages\/12820\/revisions"}],"wp:attachment":[{"href":"https:\/\/biombobags.com\/es\/wp-json\/wp\/v2\/media?parent=12820"}],"curies":[{"name":"wp","href":"https:\/\/api.w.org\/{rel}","templated":true}]}}