{"id":12828,"date":"2013-06-06T10:25:40","date_gmt":"2013-06-06T08:25:40","guid":{"rendered":"https:\/\/biombobags.com\/payment\/"},"modified":"2021-04-21T17:58:14","modified_gmt":"2021-04-21T15:58:14","slug":"pagos","status":"publish","type":"page","link":"https:\/\/biombobags.com\/es\/pagos\/","title":{"rendered":"Pagos"},"content":{"rendered":"<div class=\"fusion-fullwidth fullwidth-box fusion-builder-row-1 nonhundred-percent-fullwidth non-hundred-percent-height-scrolling\" style=\"background-color: #ffffff;background-position: center center;background-repeat: no-repeat;padding-top:0px;padding-right:0px;padding-bottom:0px;padding-left:0px;margin-bottom: 0px;margin-top: 0px;border-width: 0px 0px 0px 0px;border-color:#eae9e9;border-style:solid;\" ><div class=\"fusion-builder-row fusion-row\"><div class=\"fusion-layout-column fusion_builder_column fusion-builder-column-0 fusion_builder_column_1_1 1_1 fusion-one-full fusion-column-first fusion-column-last\" style=\"margin-top:0px;margin-bottom:0px;\"><div class=\"fusion-column-wrapper fusion-flex-column-wrapper-legacy\" style=\"background-position:left top;background-repeat:no-repeat;-webkit-background-size:cover;-moz-background-size:cover;-o-background-size:cover;background-size:cover;padding: 0px 0px 0px 0px;\"><div class=\"fusion-text fusion-text-1\"><h1 style=\"text-align: center;\">PAGOS<\/h1>\n<p style=\"text-align: center;\"><strong><big>Nos preocupamos por su seguridad de pago<\/big><\/strong><\/p>\n<p>Aceptamos Visa, MasterCard, <del datetime=\"2018-02-08T13:09:46+00:00\">American Express<\/del> y todas las tarjetas de cr\u00e9dito y d\u00e9bito comunes. El pago solo se debita de su tarjeta al momento del env\u00edo. Los pagos realizados con tarjeta se realizan a trav\u00e9s de la plataforma CYBERPAC (La Caixa), entidad que, por su solvencia y garant\u00eda, garantiza en todo momento la fiabilidad y versatilidad del servicio, as\u00ed como la confidencialidad de los datos proporcionados por nuestro clientes, ya que se transmiten directamente al servidor del banco, <strong>BIOMBOBAGS<\/strong> nunca tiene acceso a ellos<\/p>\n<p>Tambi\u00e9n aceptamos pagos a trav\u00e9s de PayPal, el costo del servicio es del 3.5% del monto total de la factura.<\/p>\n<p>En todo momento, <strong>BIOMBOBAGS<\/strong> se reserva el derecho de no entregar un pedido cuando haya indicios de fraude de pago.<\/p>\n<p>Para ayudar a garantizar que su experiencia de compra sea segura y simple, www.biombobags.com utiliza la <strong>tecnolog\u00eda Secure Socket Layer (SSL)<\/strong>. Esto encripta y protege los datos que nos env\u00eda a trav\u00e9s de Internet. Si SSL est\u00e1 habilitado, ver\u00e1 un candado en la parte superior de su navegador y puede hacer clic en esto para obtener informaci\u00f3n sobre el registro del certificado digital SSL.<\/p>\n<p>Tambi\u00e9n observar\u00e1 que cuando mira el campo de ubicaci\u00f3n (URL) en la parte superior del navegador, ver\u00e1 que comienza con &#8216;https:&#8217; en lugar del &#8216;http:&#8217; normal. Esto significa que est\u00e1s en modo seguro.<\/p>\n<p>Tambi\u00e9n ofrecemos la opci\u00f3n de almacenar de forma segura los datos de su tarjeta de cr\u00e9dito, lo que hace que comprar en nuestra tienda sea m\u00e1s r\u00e1pido y sencillo. Los detalles completos de su tarjeta nunca se mostrar\u00e1n a nadie, incluso a nosotros, a excepci\u00f3n de los \u00faltimos cuatro d\u00edgitos para que sepa cu\u00e1l de sus tarjetas est\u00e1 usando. Puede eliminar los detalles de su tarjeta desmarcando la casilla \u00abrecordar mis detalles de pago\u00bb en la p\u00e1gina de pago.<\/p>\n<p>Tenga en cuenta que deber\u00e1 volver a ingresar los detalles de la tarjeta si cambia o agrega una nueva direcci\u00f3n. Esto significa que si alguien adivina su contrase\u00f1a e intenta hacer un pedido con su cuenta, no podr\u00e1 hacerlo a ninguna direcci\u00f3n que no sea la que ya ha guardado. Esperamos que comprenda que esta es una precauci\u00f3n valiosa dise\u00f1ada para proteger su informaci\u00f3n personal.<\/p>\n<p style=\"text-align: center;\"><strong><em><big>Si tiene alguna pregunta, puede contactarnos en<br \/>\n<a href=\"mailto:contact@biombobags.com\">contact@biombobags.com<\/a> antes de realizar cualquier compra.<\/big><\/em><\/strong><\/p>\n<\/div><div class=\"fusion-clearfix\"><\/div><\/div><\/div><\/div><\/div>\n","protected":false},"excerpt":{"rendered":"","protected":false},"author":3,"featured_media":0,"parent":0,"menu_order":0,"comment_status":"open","ping_status":"open","template":"","meta":{"footnotes":""},"class_list":["post-12828","page","type-page","status-publish","hentry"],"_links":{"self":[{"href":"https:\/\/biombobags.com\/es\/wp-json\/wp\/v2\/pages\/12828","targetHints":{"allow":["GET"]}}],"collection":[{"href":"https:\/\/biombobags.com\/es\/wp-json\/wp\/v2\/pages"}],"about":[{"href":"https:\/\/biombobags.com\/es\/wp-json\/wp\/v2\/types\/page"}],"author":[{"embeddable":true,"href":"https:\/\/biombobags.com\/es\/wp-json\/wp\/v2\/users\/3"}],"replies":[{"embeddable":true,"href":"https:\/\/biombobags.com\/es\/wp-json\/wp\/v2\/comments?post=12828"}],"version-history":[{"count":0,"href":"https:\/\/biombobags.com\/es\/wp-json\/wp\/v2\/pages\/12828\/revisions"}],"wp:attachment":[{"href":"https:\/\/biombobags.com\/es\/wp-json\/wp\/v2\/media?parent=12828"}],"curies":[{"name":"wp","href":"https:\/\/api.w.org\/{rel}","templated":true}]}}