{"id":12831,"date":"2013-06-06T10:49:40","date_gmt":"2013-06-06T08:49:40","guid":{"rendered":"https:\/\/biombobags.com\/privacy\/"},"modified":"2019-09-06T13:37:29","modified_gmt":"2019-09-06T11:37:29","slug":"privacidad","status":"publish","type":"page","link":"https:\/\/biombobags.com\/es\/privacidad\/","title":{"rendered":"Privacidad"},"content":{"rendered":"<div class=\"fusion-fullwidth fullwidth-box fusion-builder-row-1 nonhundred-percent-fullwidth non-hundred-percent-height-scrolling\" style=\"background-color: #ffffff;background-position: center center;background-repeat: no-repeat;padding-top:0px;padding-right:0px;padding-bottom:0px;padding-left:0px;margin-bottom: 0px;margin-top: 0px;border-width: 0px 0px 0px 0px;border-color:#eae9e9;border-style:solid;\" ><div class=\"fusion-builder-row fusion-row\"><div class=\"fusion-layout-column fusion_builder_column fusion-builder-column-0 fusion_builder_column_1_1 1_1 fusion-one-full fusion-column-first fusion-column-last\" style=\"margin-top:0px;margin-bottom:0px;\"><div class=\"fusion-column-wrapper fusion-flex-column-wrapper-legacy\" style=\"background-position:left top;background-repeat:no-repeat;-webkit-background-size:cover;-moz-background-size:cover;-o-background-size:cover;background-size:cover;padding: 0px 0px 0px 0px;\"><div class=\"fusion-text fusion-text-1\"><h1 style=\"text-align: center;\">POL\u00cdTICA DE PRIVACIDAD<\/h1>\n<p style=\"text-align: center;\"><strong><big>BIOMBO BAGS<\/big><\/strong><\/p>\n<h3>BIOMBOBAGS.COM T\u00c9RMINOS DE USO GENERAL<\/h3>\n<p>Toda la informaci\u00f3n proporcionada por usted solo se utiliza para garantizar la mejor experiencia de compra posible. Toda la informaci\u00f3n es estrictamente confidencial. Su informaci\u00f3n personal no se compartir\u00e1, circular\u00e1 ni modificar\u00e1 de ninguna manera sin su consentimiento previo.<\/p>\n<p>Si hace un pedido con nosotros, solicitamos cierta informaci\u00f3n personal. Debe proporcionar informaci\u00f3n de contacto (como nombre, correo electr\u00f3nico y direcci\u00f3n de entrega) e informaci\u00f3n financiera (como n\u00famero de tarjeta de cr\u00e9dito, fecha de vencimiento y el c\u00f3digo de seguridad de 3 d\u00edgitos). Usamos esta informaci\u00f3n para fines de facturaci\u00f3n y para completar su pedido. Si tenemos problemas para procesar un pedido, usaremos su informaci\u00f3n de contacto. Su n\u00famero de tel\u00e9fono es requerido para prop\u00f3sitos de env\u00edo en caso de que nuestro proveedor de servicios de mensajer\u00eda necesite ponerse en contacto con usted con respecto a la entrega.<\/p>\n<p>Utilizamos web beacons de terceros (Google Analytics) de Google para ayudar a analizar a d\u00f3nde van los visitantes y qu\u00e9 hacen mientras visitan nuestro sitio web. Nos reservamos el derecho de modificar esta pol\u00edtica de privacidad en cualquier momento, por lo tanto, rev\u00edsela con frecuencia. Si hacemos cambios significativos a esta pol\u00edtica, le notificaremos aqu\u00ed y mediante un aviso en el sitio web en general.<\/p>\n<p>Las cookies son piezas de informaci\u00f3n que un sitio web transfiere al disco duro de su computadora para fines de mantenimiento de registros. Las cookies pueden hacer que un sitio web sea m\u00e1s \u00fatil al personalizar la informaci\u00f3n para los visitantes y al almacenar informaci\u00f3n sobre sus preferencias en nuestro sitio. El uso de cookies es un est\u00e1ndar de la industria, y muchos sitios web importantes los utilizan para proporcionar funciones \u00fatiles para sus clientes. Nuestra pol\u00edtica es usar cookies solo para los siguientes prop\u00f3sitos:<\/p>\n<ul>\n<li>Para identificarte.<\/li>\n<li>Para personalizar nuestro sitio para usted.<\/li>\n<li>Para ayudar a mejorar la navegaci\u00f3n.<\/li>\n<\/ul>\n<p>La mayor\u00eda de los navegadores estan inicialmente preparados para aceptar cookies. Si lo prefiere, puede configurar su navegador para que rechace las cookies. Sin embargo, no podr\u00e1 aprovechar al m\u00e1ximo nuestro sitio web si lo hace.<\/p>\n<p>Utilizamos la tecnolog\u00eda de seguimiento para comprender mejor los patrones y el uso del tr\u00e1fico del sitio. Sin embargo, ninguna de la informaci\u00f3n recopilada a trav\u00e9s de la tecnolog\u00eda de seguimiento es informaci\u00f3n de identificaci\u00f3n personal.<\/p>\n<p><strong>BIOMBOBAGS<\/strong> se esfuerza, en la mayor medida posible, para proporcionar contenido preciso y actualizado en este sitio web. Desafortunadamente, en ocasiones puede haber cambios de precios, art\u00edculos agotados y otros errores involuntarios en nuestro sitio. Nos reservamos el derecho de no ser responsables de estos errores o cambios, y ni <strong>BIOMBOBAGS<\/strong>, ni ning\u00fan empleado o representante de nosotros ser\u00e1 responsable de los da\u00f1os y perjuicios derivados del uso de este sitio web o los productos vendidos aqu\u00ed.<\/p>\n<p>Cualquier disputa que surja entre un cliente y BIOMBOBAGS se resolver\u00e1 de conformidad con la legislaci\u00f3n Espa\u00f1ola.<\/p>\n<p>De conformidad con el art\u00edculo 10 de la Ley 34\/2002, de 11 de julio, de Servicios de la Sociedad de la Informaci\u00f3n Electr\u00f3nica (LSSIyCE), le informamos sobre el propietario del sitio:<\/p>\n<p><strong>CIF:<\/strong> 46628071X<br \/>\n<strong>Direcci\u00f3n:<\/strong> C\/ Arag\u00f3n 290 principal, 08009 \u2013 Barcelona, Espa\u00f1a.<br \/>\n<strong>E-mail:<\/strong> contact@biombobags.com<\/p>\n<p>[\/spb_text_block] [\/spb_accordion_tab] [\/spb_accordion] [\/spb_column] [spb_column width=\u00bb1\/6&#8243; el_position=\u00bblast\u00bb] [\/spb_column]<\/p>\n<\/div><div class=\"fusion-clearfix\"><\/div><\/div><\/div><\/div><\/div>\n","protected":false},"excerpt":{"rendered":"","protected":false},"author":3,"featured_media":0,"parent":0,"menu_order":0,"comment_status":"open","ping_status":"open","template":"","meta":{"footnotes":""},"class_list":["post-12831","page","type-page","status-publish","hentry"],"_links":{"self":[{"href":"https:\/\/biombobags.com\/es\/wp-json\/wp\/v2\/pages\/12831","targetHints":{"allow":["GET"]}}],"collection":[{"href":"https:\/\/biombobags.com\/es\/wp-json\/wp\/v2\/pages"}],"about":[{"href":"https:\/\/biombobags.com\/es\/wp-json\/wp\/v2\/types\/page"}],"author":[{"embeddable":true,"href":"https:\/\/biombobags.com\/es\/wp-json\/wp\/v2\/users\/3"}],"replies":[{"embeddable":true,"href":"https:\/\/biombobags.com\/es\/wp-json\/wp\/v2\/comments?post=12831"}],"version-history":[{"count":0,"href":"https:\/\/biombobags.com\/es\/wp-json\/wp\/v2\/pages\/12831\/revisions"}],"wp:attachment":[{"href":"https:\/\/biombobags.com\/es\/wp-json\/wp\/v2\/media?parent=12831"}],"curies":[{"name":"wp","href":"https:\/\/api.w.org\/{rel}","templated":true}]}}