{"id":14488,"date":"2021-05-11T22:18:33","date_gmt":"2021-05-11T20:18:33","guid":{"rendered":"https:\/\/biombobags.com\/product\/elisa-terracota\/"},"modified":"2021-05-11T23:13:55","modified_gmt":"2021-05-11T21:13:55","slug":"elisa-terracota","status":"publish","type":"product","link":"https:\/\/biombobags.com\/es\/product\/elisa-terracota\/","title":{"rendered":"ELISA TERRACOTA"},"content":{"rendered":"","protected":false},"excerpt":{"rendered":"<p>Bolso de mano.<\/p>\n<p>100% cuero bovino.<\/p>\n<p><strong>CARACTERISTICAS:<\/strong><\/p>\n<p>* Bandolera desmontable con cadena y hombrera de 90cm.<\/p>\n<ul>\n<li>Puedes llevarlo en bandolera o en la mano, adapt\u00e1ndolo a cada ocasi\u00f3n.<\/li>\n<li>Bolsillo interior con cremallera met\u00e1<\/li>\n<li>Fornituras en oro viejo.<\/li>\n<li>Totalmente forrado en algod\u00f3n.<\/li>\n<\/ul>\n<p><strong>COLOR:<\/strong><\/p>\n<p>Terracota, Verde turquesa.<\/p>\n<p><strong>MEDIDAS:<\/strong><\/p>\n<p>34 cm de ancho X\u00a0 16 cm de alto X\u00a0 2,5 cm de profundidad.<\/p>\n<p>Dise\u00f1ado y fabricado \u00edntegramente en Barcelona (Espa\u00f1a) en condiciones y procedimientos sostenibles.<\/p>\n<p><strong>EDICI\u00d3N LIMITADA.<\/strong><\/p>\n","protected":false},"featured_media":14449,"template":"","meta":[],"product_brand":[],"product_cat":[1255],"product_tag":[],"class_list":{"0":"post-14488","1":"product","2":"type-product","3":"status-publish","4":"has-post-thumbnail","6":"product_cat-elisa-es","8":"first","9":"instock","10":"shipping-taxable","11":"purchasable","12":"product-type-simple"},"_links":{"self":[{"href":"https:\/\/biombobags.com\/es\/wp-json\/wp\/v2\/product\/14488","targetHints":{"allow":["GET"]}}],"collection":[{"href":"https:\/\/biombobags.com\/es\/wp-json\/wp\/v2\/product"}],"about":[{"href":"https:\/\/biombobags.com\/es\/wp-json\/wp\/v2\/types\/product"}],"wp:featuredmedia":[{"embeddable":true,"href":"https:\/\/biombobags.com\/es\/wp-json\/wp\/v2\/media\/14449"}],"wp:attachment":[{"href":"https:\/\/biombobags.com\/es\/wp-json\/wp\/v2\/media?parent=14488"}],"wp:term":[{"taxonomy":"product_brand","embeddable":true,"href":"https:\/\/biombobags.com\/es\/wp-json\/wp\/v2\/product_brand?post=14488"},{"taxonomy":"product_cat","embeddable":true,"href":"https:\/\/biombobags.com\/es\/wp-json\/wp\/v2\/product_cat?post=14488"},{"taxonomy":"product_tag","embeddable":true,"href":"https:\/\/biombobags.com\/es\/wp-json\/wp\/v2\/product_tag?post=14488"}],"curies":[{"name":"wp","href":"https:\/\/api.w.org\/{rel}","templated":true}]}}